{"id":1767,"date":"2015-05-25T12:55:10","date_gmt":"2015-05-25T18:55:10","guid":{"rendered":"https:\/\/danielsautorepairut.com\/quienes-somos\/"},"modified":"2023-03-02T20:19:18","modified_gmt":"2023-03-03T03:19:18","slug":"quienes-somos","status":"publish","type":"page","link":"https:\/\/danielsautorepairut.com\/es\/quienes-somos\/","title":{"rendered":"QUIENES SOMOS"},"content":{"rendered":"<div class=\"wpb-content-wrapper\"><p>[vc_row el_class=\u00bbmargin-top-70&#8243;][vc_column width=\u00bb1\/2&#8243;][vc_column_text el_class=\u00bbdescription margin-top-0&#8243;]Ofrecemos todos los servicios de reparaci\u00f3n de autom\u00f3viles en el \u00e1rea de Provo, UT.[\/vc_column_text][vc_column_text]Bienvenido a Daniel&#8217;s Auto Repair! Somos un taller mec\u00e1nico de confianza ubicado en Provo a unas cauntas cuadras del centro. Nuestro equipo est\u00e1 dedicado a brindar servicios de reparaci\u00f3n y mantenimiento de autom\u00f3viles de alta calidad a nuestros valiosos clientes. Estamos orgullosos de nuestro trabajo.<\/p>\n<p>En Daniel&#8217;s Auto Repair, entendemos que los problemas con el autom\u00f3vil pueden ser estresantes e inconvenientes. Es por eso que hacemos todo lo posible para brindar un servicio eficiente y sin complicaciones a nuestros clientes.[\/vc_column_text][vc_row_inner top_margin=\u00bbpage-margin-top\u00bb][vc_column_inner]<a class=\"more\" href=\"https:\/\/danielsautorepairut.com\/?page_id=137\" title=\"NUESTROS SERVICIOS\"><span>NUESTROS SERVICIOS<\/span><\/a>[\/vc_column_inner][\/vc_row_inner][\/vc_column][vc_column width=\u00bb1\/2&#8243;][vc_single_image image=\u00bb922&#8243; img_size=\u00bbgallery-thumb\u00bb onclick=\u00bbimg_link_large\u00bb el_class=\u00bbcs-lightbox\u00bb][\/vc_column][\/vc_row]<\/p>\n<\/div>","protected":false},"excerpt":{"rendered":"<p>[vc_row el_class=\u00bbmargin-top-70&#8243;][vc_column width=\u00bb1\/2&#8243;][vc_column_text el_class=\u00bbdescription margin-top-0&#8243;]Ofrecemos todos los servicios de reparaci\u00f3n de autom\u00f3viles en el \u00e1rea de Provo, UT.[\/vc_column_text][vc_column_text]Bienvenido a Daniel&#8217;s Auto Repair! Somos un taller mec\u00e1nico de confianza ubicado en Provo a unas cauntas cuadras del centro. Nuestro equipo est\u00e1 dedicado a brindar servicios de reparaci\u00f3n y mantenimiento de autom\u00f3viles de alta calidad a nuestros<\/p>\n","protected":false},"author":1,"featured_media":0,"parent":0,"menu_order":0,"comment_status":"closed","ping_status":"open","template":"","meta":{"footnotes":""},"class_list":["post-1767","page","type-page","status-publish","hentry"],"_links":{"self":[{"href":"https:\/\/danielsautorepairut.com\/es\/wp-json\/wp\/v2\/pages\/1767","targetHints":{"allow":["GET"]}}],"collection":[{"href":"https:\/\/danielsautorepairut.com\/es\/wp-json\/wp\/v2\/pages"}],"about":[{"href":"https:\/\/danielsautorepairut.com\/es\/wp-json\/wp\/v2\/types\/page"}],"author":[{"embeddable":true,"href":"https:\/\/danielsautorepairut.com\/es\/wp-json\/wp\/v2\/users\/1"}],"replies":[{"embeddable":true,"href":"https:\/\/danielsautorepairut.com\/es\/wp-json\/wp\/v2\/comments?post=1767"}],"version-history":[{"count":1,"href":"https:\/\/danielsautorepairut.com\/es\/wp-json\/wp\/v2\/pages\/1767\/revisions"}],"predecessor-version":[{"id":1804,"href":"https:\/\/danielsautorepairut.com\/es\/wp-json\/wp\/v2\/pages\/1767\/revisions\/1804"}],"wp:attachment":[{"href":"https:\/\/danielsautorepairut.com\/es\/wp-json\/wp\/v2\/media?parent=1767"}],"curies":[{"name":"wp","href":"https:\/\/api.w.org\/{rel}","templated":true}]}}