{"id":1771,"date":"2015-05-08T13:22:48","date_gmt":"2015-05-08T19:22:48","guid":{"rendered":"https:\/\/danielsautorepairut.com\/home\/"},"modified":"2023-03-02T20:28:59","modified_gmt":"2023-03-03T03:28:59","slug":"home","status":"publish","type":"page","link":"https:\/\/danielsautorepairut.com\/es\/","title":{"rendered":"HOME"},"content":{"rendered":"<div class=\"wpb-content-wrapper\"><p>[vc_row type=\u00bbfull-width\u00bb][vc_column][rev_slider_vc alias=\u00bbmain\u00bb][\/vc_column][\/vc_row][vc_row top_margin=\u00bbpage-margin-top-section\u00bb][vc_column]<h2 class=\" box-header\">\u00bfPOR QU\u00c9 ELEGIRNOS?<\/h2>[vc_column_text el_class=\u00bbdescription align-center\u00bb]En Daniel&#8217;s Auto Repair realizaremos un trabajo de calidad a un precio competitivo.[\/vc_column_text][vc_row_inner top_margin=\u00bbpage-margin-top\u00bb][vc_column_inner width=\u00bb1\/3&#8243;]<div class=\"feature-item feature-item-big\"><div class=\"hexagon\"><div class=\"sl-small-team\"><\/div><\/div><h4 class=\"box-header\">CADA TRABAJO ES PERSONAL<\/h4><p>Damos servicio a cada coche como si fuera nuestro. Nos esforzamos por proporcionar un ambiente agradable y personal.<\/p><\/div>[\/vc_column_inner][vc_column_inner width=\u00bb1\/3&#8243;]<div class=\"feature-item feature-item-big\"><div class=\"hexagon\"><div class=\"sl-small-wrench-screwdriver\"><\/div><\/div><h4 class=\"box-header\">PIEZAS DE CALIDAD<\/h4><p>Tenemos las herramientas adecuadas para cada trabajo y utilizamos repuestos de calidad dise\u00f1ados para su veh\u00edculo, para brindarle una experiencia sin preocupaciones.<\/p><\/div>[\/vc_column_inner][vc_column_inner width=\u00bb1\/3&#8243;]<div class=\"feature-item feature-item-big\"><div class=\"hexagon\"><div class=\"sl-small-toolbox\"><\/div><\/div><h4 class=\"box-header\">TENEMOS EXPERIENCIA<\/h4><p>Nuestro taller de reparaci\u00f3n de autom\u00f3viles es capaz de dar servicio a una variedad de modelos. Solo hacemos el trabajo necesario para solucionar su problema. Garantizamos nuestro trabajo.<\/p><\/div>[\/vc_column_inner][\/vc_row_inner][\/vc_column][\/vc_row][vc_row top_margin=\u00bbpage-margin-top-section\u00bb][vc_column]<h2 class=\" box-header\">REPARACI\u00d3N DE AUTOM\u00d3VILES<\/h2>[vc_column_text el_class=\u00bbdescription align-center\u00bb]Ofrecemos servicios de mec\u00e1nica en el \u00e1rea de Provo Utah.<br \/>\nTenemos la experiencia necesaria para manejar incluso algunas de las reparaciones m\u00e1s complicadas.[\/vc_column_text]<ul class=\"services-list clearfix page-margin-top\"><li class=\"vc_row wpb_row vc_row-fluid\"><ul><li><a href=\"https:\/\/danielsautorepairut.com\/es\/services\/transmisiones\/\" title=\"TRANSMISIONES\"><img loading=\"lazy\" decoding=\"async\" width=\"390\" height=\"260\" src=\"https:\/\/danielsautorepairut.com\/wp-content\/uploads\/2023\/02\/20230123_192953-390x260.jpg\" class=\"attachment-medium-thumb size-medium-thumb wp-post-image\" alt=\"TRANSMISIONES\" title=\"\" srcset=\"https:\/\/danielsautorepairut.com\/wp-content\/uploads\/2023\/02\/20230123_192953-390x260.jpg 390w, https:\/\/danielsautorepairut.com\/wp-content\/uploads\/2023\/02\/20230123_192953-870x580.jpg 870w, https:\/\/danielsautorepairut.com\/wp-content\/uploads\/2023\/02\/20230123_192953-570x380.jpg 570w, https:\/\/danielsautorepairut.com\/wp-content\/uploads\/2023\/02\/20230123_192953-480x320.jpg 480w, https:\/\/danielsautorepairut.com\/wp-content\/uploads\/2023\/02\/20230123_192953-270x180.jpg 270w\" sizes=\"auto, (max-width: 390px) 100vw, 390px\" \/><\/a><h4 class=\"box-header\"><a href=\"https:\/\/danielsautorepairut.com\/es\/services\/transmisiones\/\" title=\"TRANSMISIONES\">TRANSMISIONES<\/a><\/h4><\/li><li><a href=\"https:\/\/danielsautorepairut.com\/es\/services\/frenos\/\" title=\"FRENOS\"><img loading=\"lazy\" decoding=\"async\" width=\"390\" height=\"260\" src=\"https:\/\/danielsautorepairut.com\/wp-content\/uploads\/2023\/02\/Resized_20230218_152345-390x260.jpeg\" class=\"attachment-medium-thumb size-medium-thumb wp-post-image\" alt=\"FRENOS\" title=\"\" srcset=\"https:\/\/danielsautorepairut.com\/wp-content\/uploads\/2023\/02\/Resized_20230218_152345-390x260.jpeg 390w, https:\/\/danielsautorepairut.com\/wp-content\/uploads\/2023\/02\/Resized_20230218_152345-870x580.jpeg 870w, https:\/\/danielsautorepairut.com\/wp-content\/uploads\/2023\/02\/Resized_20230218_152345-570x380.jpeg 570w, https:\/\/danielsautorepairut.com\/wp-content\/uploads\/2023\/02\/Resized_20230218_152345-480x320.jpeg 480w, https:\/\/danielsautorepairut.com\/wp-content\/uploads\/2023\/02\/Resized_20230218_152345-270x180.jpeg 270w\" sizes=\"auto, (max-width: 390px) 100vw, 390px\" \/><\/a><h4 class=\"box-header\"><a href=\"https:\/\/danielsautorepairut.com\/es\/services\/frenos\/\" title=\"FRENOS\">FRENOS<\/a><\/h4><\/li><li><a href=\"https:\/\/danielsautorepairut.com\/es\/services\/seguridad-emisiones\/\" title=\"SEGURIDAD EMISIONES\"><img loading=\"lazy\" decoding=\"async\" width=\"390\" height=\"260\" src=\"https:\/\/danielsautorepairut.com\/wp-content\/uploads\/2023\/02\/Resized_20230218_170454-390x260.jpeg\" class=\"attachment-medium-thumb size-medium-thumb wp-post-image\" alt=\"SEGURIDAD EMISIONES\" title=\"\" srcset=\"https:\/\/danielsautorepairut.com\/wp-content\/uploads\/2023\/02\/Resized_20230218_170454-390x260.jpeg 390w, https:\/\/danielsautorepairut.com\/wp-content\/uploads\/2023\/02\/Resized_20230218_170454-870x580.jpeg 870w, https:\/\/danielsautorepairut.com\/wp-content\/uploads\/2023\/02\/Resized_20230218_170454-570x380.jpeg 570w, https:\/\/danielsautorepairut.com\/wp-content\/uploads\/2023\/02\/Resized_20230218_170454-480x320.jpeg 480w, https:\/\/danielsautorepairut.com\/wp-content\/uploads\/2023\/02\/Resized_20230218_170454-270x180.jpeg 270w\" sizes=\"auto, (max-width: 390px) 100vw, 390px\" \/><\/a><h4 class=\"box-header\"><a href=\"https:\/\/danielsautorepairut.com\/es\/services\/seguridad-emisiones\/\" title=\"SEGURIDAD EMISIONES\">SEGURIDAD EMISIONES<\/a><\/h4><\/li><\/ul><\/li><\/ul>[\/vc_column][\/vc_row]<\/p>\n<\/div>","protected":false},"excerpt":{"rendered":"<p>[vc_row type=\u00bbfull-width\u00bb][vc_column][rev_slider_vc alias=\u00bbmain\u00bb][\/vc_column][\/vc_row][vc_row top_margin=\u00bbpage-margin-top-section\u00bb][vc_column][vc_column_text el_class=\u00bbdescription align-center\u00bb]En Daniel&#8217;s Auto Repair realizaremos un trabajo de calidad a un precio competitivo.[\/vc_column_text][vc_row_inner top_margin=\u00bbpage-margin-top\u00bb][vc_column_inner width=\u00bb1\/3&#8243;][\/vc_column_inner][vc_column_inner width=\u00bb1\/3&#8243;][\/vc_column_inner][vc_column_inner width=\u00bb1\/3&#8243;][\/vc_column_inner][\/vc_row_inner][\/vc_column][\/vc_row][vc_row top_margin=\u00bbpage-margin-top-section\u00bb][vc_column][vc_column_text el_class=\u00bbdescription align-center\u00bb]Ofrecemos servicios de mec\u00e1nica en el \u00e1rea de Provo Utah. Tenemos la experiencia necesaria para manejar incluso algunas de las reparaciones m\u00e1s complicadas.[\/vc_column_text][\/vc_column][\/vc_row]<\/p>\n","protected":false},"author":1,"featured_media":0,"parent":0,"menu_order":0,"comment_status":"open","ping_status":"open","template":"template-default-without-breadcrumbs.php","meta":{"footnotes":""},"class_list":["post-1771","page","type-page","status-publish","hentry"],"_links":{"self":[{"href":"https:\/\/danielsautorepairut.com\/es\/wp-json\/wp\/v2\/pages\/1771","targetHints":{"allow":["GET"]}}],"collection":[{"href":"https:\/\/danielsautorepairut.com\/es\/wp-json\/wp\/v2\/pages"}],"about":[{"href":"https:\/\/danielsautorepairut.com\/es\/wp-json\/wp\/v2\/types\/page"}],"author":[{"embeddable":true,"href":"https:\/\/danielsautorepairut.com\/es\/wp-json\/wp\/v2\/users\/1"}],"replies":[{"embeddable":true,"href":"https:\/\/danielsautorepairut.com\/es\/wp-json\/wp\/v2\/comments?post=1771"}],"version-history":[{"count":3,"href":"https:\/\/danielsautorepairut.com\/es\/wp-json\/wp\/v2\/pages\/1771\/revisions"}],"predecessor-version":[{"id":1807,"href":"https:\/\/danielsautorepairut.com\/es\/wp-json\/wp\/v2\/pages\/1771\/revisions\/1807"}],"wp:attachment":[{"href":"https:\/\/danielsautorepairut.com\/es\/wp-json\/wp\/v2\/media?parent=1771"}],"curies":[{"name":"wp","href":"https:\/\/api.w.org\/{rel}","templated":true}]}}